{"id":124,"date":"2016-02-20T17:01:26","date_gmt":"2016-02-20T16:01:26","guid":{"rendered":"http:\/\/floete-rellingen.de\/?page_id=124"},"modified":"2021-01-13T14:18:39","modified_gmt":"2021-01-13T13:18:39","slug":"sonja-noethlich-floetistin","status":"publish","type":"page","link":"https:\/\/floete-rellingen.de\/?page_id=124","title":{"rendered":"Impressum"},"content":{"rendered":"<h4 style=\"text-align: left;\"><span style=\"color: #993300;\"><em>Sonja Noethlich, Fl\u00f6tistin<\/em><\/span><\/h4>\n<h6 style=\"text-align: left;\"><span style=\"color: #993300;\"><em>M\u00fchlenstr. 30, <\/em><em>25462 Rellingen<\/em><\/span><\/h6>\n<h4 style=\"text-align: left;\"><span style=\"color: #993300;\"><em>Kontakt<\/em><\/span><\/h4>\n<h6 style=\"text-align: left;\"><em><span style=\"color: #993300;\"> Telefon: 04101 401883, Mobil: 0173 9707771,\u00a0Email: <a href=\"mailto:snoethlich@gmx.net\">snoethlich@gmx.net<\/a><\/span><\/em><\/h6>\n<h6 style=\"text-align: left;\"><span style=\"color: #993300;\"><em><span style=\"color: #993300;\">Quellenangabe f\u00fcr die verwendeten Bilder:<\/span> <\/em><\/span><\/h6>\n<h4 style=\"text-align: left;\"><span style=\"color: #993300;\"><em>Katja Heuer<\/em><\/span><\/h4>\n<h6 style=\"text-align: left;\"><span style=\"color: #993300;\"><em>Die Inhalte meiner Webseite wurden mit gro\u00dfer Sorgfalt erstellt. F\u00fcr die Richtigkeit, Vollst\u00e4ndigkeit und Aktualit\u00e4t der Inhalte kann ich jedoch keine Gew\u00e4hr \u00fcbernehmen.<\/em><\/span><\/h6>\n<h6 style=\"text-align: left;\"><span style=\"color: #993300;\"><em>F\u00fcr die Inhalte der verlinkten Seiten ist stets der jeweilige Anbieter oder Betreiber verantwortlich.<\/em><\/span><\/h6>\n<p>&nbsp;<\/p>\n","protected":false},"excerpt":{"rendered":"<p>Sonja Noethlich, Fl\u00f6tistin M\u00fchlenstr. 30, 25462 Rellingen Kontakt Telefon: 04101 401883, Mobil: 0173 9707771,\u00a0Email: snoethlich@gmx.net Quellenangabe f\u00fcr die verwendeten Bilder: Katja Heuer Die Inhalte meiner Webseite wurden mit gro\u00dfer Sorgfalt erstellt. F\u00fcr die Richtigkeit, Vollst\u00e4ndigkeit und Aktualit\u00e4t der Inhalte kann ich jedoch keine Gew\u00e4hr \u00fcbernehmen. F\u00fcr die Inhalte der verlinkten Seiten ist stets der jeweilige &hellip; <a href=\"https:\/\/floete-rellingen.de\/?page_id=124\" class=\"more-link\"><span class=\"screen-reader-text\">Impressum<\/span> weiterlesen <span class=\"meta-nav\">&rarr;<\/span><\/a><\/p>\n","protected":false},"author":1,"featured_media":0,"parent":0,"menu_order":0,"comment_status":"closed","ping_status":"closed","template":"","meta":[],"_links":{"self":[{"href":"https:\/\/floete-rellingen.de\/index.php?rest_route=\/wp\/v2\/pages\/124"}],"collection":[{"href":"https:\/\/floete-rellingen.de\/index.php?rest_route=\/wp\/v2\/pages"}],"about":[{"href":"https:\/\/floete-rellingen.de\/index.php?rest_route=\/wp\/v2\/types\/page"}],"author":[{"embeddable":true,"href":"https:\/\/floete-rellingen.de\/index.php?rest_route=\/wp\/v2\/users\/1"}],"replies":[{"embeddable":true,"href":"https:\/\/floete-rellingen.de\/index.php?rest_route=%2Fwp%2Fv2%2Fcomments&post=124"}],"version-history":[{"count":25,"href":"https:\/\/floete-rellingen.de\/index.php?rest_route=\/wp\/v2\/pages\/124\/revisions"}],"predecessor-version":[{"id":201,"href":"https:\/\/floete-rellingen.de\/index.php?rest_route=\/wp\/v2\/pages\/124\/revisions\/201"}],"wp:attachment":[{"href":"https:\/\/floete-rellingen.de\/index.php?rest_route=%2Fwp%2Fv2%2Fmedia&parent=124"}],"curies":[{"name":"wp","href":"https:\/\/api.w.org\/{rel}","templated":true}]}}