{"id":14,"date":"2014-11-05T14:37:22","date_gmt":"2014-11-05T13:37:22","guid":{"rendered":"http:\/\/floete-rellingen.de\/?page_id=14"},"modified":"2016-02-20T22:19:27","modified_gmt":"2016-02-20T21:19:27","slug":"lebenslauf-2","status":"publish","type":"page","link":"https:\/\/floete-rellingen.de\/?page_id=14","title":{"rendered":"Lebenslauf"},"content":{"rendered":"<h4 style=\"text-align: left;\"><span style=\"color: #993300;\"><strong><em>Sonja Noethlich<\/em><\/strong><\/span><\/h4>\n<h6 style=\"text-align: left;\"><span style=\"color: #993300;\"><em>studierte an der Hochschule f\u00fcr Musik Detmold Fl\u00f6te\u00a0bei Prof. Dr. M\u00fcller-Dombois.<\/em><\/span><\/h6>\n<h6 style=\"text-align: left;\"><span style=\"color: #993300;\"><em>Dort absolvierte sie 1991<\/em> <em>das&#8220;Staatliche Musiklehrerexamen &#8222;<\/em><\/span><\/h6>\n<h6 style=\"text-align: left;\"><span style=\"color: #993300;\"><em>und 1995 die &#8222;K\u00fcnstlerische Reifepr\u00fcfung&#8220;.<\/em><\/span><\/h6>\n<h6 style=\"text-align: left;\"><span style=\"color: #993300;\"><em>Von 1994 bis 1998 war sie Mitglied im G\u00f6ttinger Sinfonieorchester.<\/em><\/span><\/h6>\n<h6 style=\"text-align: left;\"><span style=\"color: #993300;\"><em>Heute lebt sie als freischaffende Fl\u00f6tistin in Rellingen bei Hamburg<\/em><\/span><\/h6>\n<h6 style=\"text-align: left;\"><span style=\"color: #993300;\"><em>und ist Dozentin an der Yamaha Music School.<\/em><\/span><\/h6>\n<div id='gallery-1' class='gallery galleryid-14 gallery-columns-2 gallery-size-medium'><figure class='gallery-item'>\n\t\t\t<div class='gallery-icon landscape'>\n\t\t\t\t<a href='https:\/\/floete-rellingen.de\/?attachment_id=190'><img width=\"300\" height=\"199\" src=\"https:\/\/floete-rellingen.de\/wp-content\/uploads\/2016\/02\/DSC_6777-1-300x199.jpg\" class=\"attachment-medium size-medium\" alt=\"\" decoding=\"async\" loading=\"lazy\" srcset=\"https:\/\/floete-rellingen.de\/wp-content\/uploads\/2016\/02\/DSC_6777-1-300x199.jpg 300w, https:\/\/floete-rellingen.de\/wp-content\/uploads\/2016\/02\/DSC_6777-1-768x509.jpg 768w, https:\/\/floete-rellingen.de\/wp-content\/uploads\/2016\/02\/DSC_6777-1-1024x678.jpg 1024w\" sizes=\"(max-width: 300px) 100vw, 300px\" \/><\/a>\n\t\t\t<\/div><\/figure><figure class='gallery-item'>\n\t\t\t<div class='gallery-icon landscape'>\n\t\t\t\t<a href='https:\/\/floete-rellingen.de\/?attachment_id=191'><img width=\"300\" height=\"199\" src=\"https:\/\/floete-rellingen.de\/wp-content\/uploads\/2016\/02\/DSC_6778-1-300x199.jpg\" class=\"attachment-medium size-medium\" alt=\"\" decoding=\"async\" loading=\"lazy\" srcset=\"https:\/\/floete-rellingen.de\/wp-content\/uploads\/2016\/02\/DSC_6778-1-300x199.jpg 300w, https:\/\/floete-rellingen.de\/wp-content\/uploads\/2016\/02\/DSC_6778-1-768x509.jpg 768w, https:\/\/floete-rellingen.de\/wp-content\/uploads\/2016\/02\/DSC_6778-1-1024x678.jpg 1024w\" sizes=\"(max-width: 300px) 100vw, 300px\" \/><\/a>\n\t\t\t<\/div><\/figure>\n\t\t<\/div>\n\n<p style=\"text-align: left;\"><a href=\"http:\/\/floete-rellingen.de\/wp-content\/uploads\/2014\/10\/GAEDIGK_2773.jpg\">\u00a0<\/a><\/p>\n","protected":false},"excerpt":{"rendered":"<p>Sonja Noethlich studierte an der Hochschule f\u00fcr Musik Detmold Fl\u00f6te\u00a0bei Prof. Dr. M\u00fcller-Dombois. Dort absolvierte sie 1991 das&#8220;Staatliche Musiklehrerexamen &#8222; und 1995 die &#8222;K\u00fcnstlerische Reifepr\u00fcfung&#8220;. Von 1994 bis 1998 war sie Mitglied im G\u00f6ttinger Sinfonieorchester. Heute lebt sie als freischaffende Fl\u00f6tistin in Rellingen bei Hamburg und ist Dozentin an der Yamaha Music School. \u00a0<\/p>\n","protected":false},"author":2,"featured_media":0,"parent":0,"menu_order":1,"comment_status":"closed","ping_status":"closed","template":"","meta":[],"_links":{"self":[{"href":"https:\/\/floete-rellingen.de\/index.php?rest_route=\/wp\/v2\/pages\/14"}],"collection":[{"href":"https:\/\/floete-rellingen.de\/index.php?rest_route=\/wp\/v2\/pages"}],"about":[{"href":"https:\/\/floete-rellingen.de\/index.php?rest_route=\/wp\/v2\/types\/page"}],"author":[{"embeddable":true,"href":"https:\/\/floete-rellingen.de\/index.php?rest_route=\/wp\/v2\/users\/2"}],"replies":[{"embeddable":true,"href":"https:\/\/floete-rellingen.de\/index.php?rest_route=%2Fwp%2Fv2%2Fcomments&post=14"}],"version-history":[{"count":12,"href":"https:\/\/floete-rellingen.de\/index.php?rest_route=\/wp\/v2\/pages\/14\/revisions"}],"predecessor-version":[{"id":194,"href":"https:\/\/floete-rellingen.de\/index.php?rest_route=\/wp\/v2\/pages\/14\/revisions\/194"}],"wp:attachment":[{"href":"https:\/\/floete-rellingen.de\/index.php?rest_route=%2Fwp%2Fv2%2Fmedia&parent=14"}],"curies":[{"name":"wp","href":"https:\/\/api.w.org\/{rel}","templated":true}]}}