{"id":34,"date":"2015-01-24T16:43:58","date_gmt":"2015-01-24T15:43:58","guid":{"rendered":"http:\/\/floete-rellingen.de\/?page_id=34"},"modified":"2016-04-09T20:19:08","modified_gmt":"2016-04-09T18:19:08","slug":"die-blockfloete","status":"publish","type":"page","link":"https:\/\/floete-rellingen.de\/?page_id=34","title":{"rendered":"Die Blockfl\u00f6te"},"content":{"rendered":"<p>&nbsp;<\/p>\n<blockquote><p><em><span style=\"color: #993300;\">&#8222;Die Blockfl\u00f6te ist eines der \u00e4ltesten Musikinstrumente und in vielerlei Formen \u00fcber die ganze Welt verbreitet. Auch in der europ\u00e4ischen Kunstmusik hatte sie bis zur Mitte des 18. Jahrhunderts besondere Bedeutung. Seit den zwanziger Jahren unseres Jahrhunderts kam es zu einer Wiederbelebung, die die Blockfl\u00f6te erneut zu einem Volksinstrument im besten Sinne des Wortes<\/span> <span style=\"color: #993300;\">werden lie\u00df, das vielseitig zu verwenden und nicht zu schwer erlernbar ist. Kultiviertes Blasen und eine sichere Spieltechnik m\u00fcssen aber, wie bei jedem Holzblasinstrument, durch sorgf\u00e4ltige \u00dcbung erworben werden.&#8220;<\/span><\/em><\/p><\/blockquote>\n<h6><span style=\"color: #993300;\"><em>Helmut M\u00f6nkemeyer in &#8222;Das Spiel auf der Sopranblockfl\u00f6te&#8220;<\/em><\/span><\/h6>\n<p>&nbsp;<\/p>\n<h4><em><span style=\"color: #993300;\">Einzel- oder Gruppenunterricht f\u00fcr Kinder ab 6 Jahren, Jugendliche und Erwachsene<\/span><\/em><\/h4>\n<p>&nbsp;<\/p>\n<div id='gallery-1' class='gallery galleryid-34 gallery-columns-2 gallery-size-medium'><figure class='gallery-item'>\n\t\t\t<div class='gallery-icon landscape'>\n\t\t\t\t<a href='https:\/\/floete-rellingen.de\/?attachment_id=86'><img width=\"300\" height=\"199\" src=\"https:\/\/floete-rellingen.de\/wp-content\/uploads\/2015\/11\/DSC_6822-300x199.jpg\" class=\"attachment-medium size-medium\" alt=\"\" decoding=\"async\" loading=\"lazy\" srcset=\"https:\/\/floete-rellingen.de\/wp-content\/uploads\/2015\/11\/DSC_6822-300x199.jpg 300w, https:\/\/floete-rellingen.de\/wp-content\/uploads\/2015\/11\/DSC_6822-1024x678.jpg 1024w\" sizes=\"(max-width: 300px) 100vw, 300px\" \/><\/a>\n\t\t\t<\/div><\/figure><figure class='gallery-item'>\n\t\t\t<div class='gallery-icon landscape'>\n\t\t\t\t<a href='https:\/\/floete-rellingen.de\/?attachment_id=85'><img width=\"300\" height=\"199\" src=\"https:\/\/floete-rellingen.de\/wp-content\/uploads\/2015\/11\/DSC_6823-300x199.jpg\" class=\"attachment-medium size-medium\" alt=\"\" decoding=\"async\" loading=\"lazy\" srcset=\"https:\/\/floete-rellingen.de\/wp-content\/uploads\/2015\/11\/DSC_6823-300x199.jpg 300w, https:\/\/floete-rellingen.de\/wp-content\/uploads\/2015\/11\/DSC_6823-1024x678.jpg 1024w\" sizes=\"(max-width: 300px) 100vw, 300px\" \/><\/a>\n\t\t\t<\/div><\/figure><figure class='gallery-item'>\n\t\t\t<div class='gallery-icon landscape'>\n\t\t\t\t<a href='https:\/\/floete-rellingen.de\/?attachment_id=84'><img width=\"300\" height=\"199\" src=\"https:\/\/floete-rellingen.de\/wp-content\/uploads\/2015\/11\/DSC_6824-300x199.jpg\" class=\"attachment-medium size-medium\" alt=\"\" decoding=\"async\" loading=\"lazy\" srcset=\"https:\/\/floete-rellingen.de\/wp-content\/uploads\/2015\/11\/DSC_6824-300x199.jpg 300w, https:\/\/floete-rellingen.de\/wp-content\/uploads\/2015\/11\/DSC_6824-1024x678.jpg 1024w\" sizes=\"(max-width: 300px) 100vw, 300px\" \/><\/a>\n\t\t\t<\/div><\/figure><figure class='gallery-item'>\n\t\t\t<div class='gallery-icon landscape'>\n\t\t\t\t<a href='https:\/\/floete-rellingen.de\/?attachment_id=198'><img width=\"300\" height=\"199\" src=\"https:\/\/floete-rellingen.de\/wp-content\/uploads\/2016\/04\/DSC_6821-300x199.jpg\" class=\"attachment-medium size-medium\" alt=\"\" decoding=\"async\" loading=\"lazy\" srcset=\"https:\/\/floete-rellingen.de\/wp-content\/uploads\/2016\/04\/DSC_6821-300x199.jpg 300w, https:\/\/floete-rellingen.de\/wp-content\/uploads\/2016\/04\/DSC_6821-768x509.jpg 768w, https:\/\/floete-rellingen.de\/wp-content\/uploads\/2016\/04\/DSC_6821-1024x678.jpg 1024w\" sizes=\"(max-width: 300px) 100vw, 300px\" \/><\/a>\n\t\t\t<\/div><\/figure>\n\t\t<\/div>\n\n","protected":false},"excerpt":{"rendered":"<p>&nbsp; &#8222;Die Blockfl\u00f6te ist eines der \u00e4ltesten Musikinstrumente und in vielerlei Formen \u00fcber die ganze Welt verbreitet. Auch in der europ\u00e4ischen Kunstmusik hatte sie bis zur Mitte des 18. Jahrhunderts besondere Bedeutung. Seit den zwanziger Jahren unseres Jahrhunderts kam es zu einer Wiederbelebung, die die Blockfl\u00f6te erneut zu einem Volksinstrument im besten Sinne des Wortes &hellip; <a href=\"https:\/\/floete-rellingen.de\/?page_id=34\" class=\"more-link\"><span class=\"screen-reader-text\">Die Blockfl\u00f6te<\/span> weiterlesen <span class=\"meta-nav\">&rarr;<\/span><\/a><\/p>\n","protected":false},"author":2,"featured_media":0,"parent":0,"menu_order":2,"comment_status":"closed","ping_status":"closed","template":"","meta":[],"_links":{"self":[{"href":"https:\/\/floete-rellingen.de\/index.php?rest_route=\/wp\/v2\/pages\/34"}],"collection":[{"href":"https:\/\/floete-rellingen.de\/index.php?rest_route=\/wp\/v2\/pages"}],"about":[{"href":"https:\/\/floete-rellingen.de\/index.php?rest_route=\/wp\/v2\/types\/page"}],"author":[{"embeddable":true,"href":"https:\/\/floete-rellingen.de\/index.php?rest_route=\/wp\/v2\/users\/2"}],"replies":[{"embeddable":true,"href":"https:\/\/floete-rellingen.de\/index.php?rest_route=%2Fwp%2Fv2%2Fcomments&post=34"}],"version-history":[{"count":11,"href":"https:\/\/floete-rellingen.de\/index.php?rest_route=\/wp\/v2\/pages\/34\/revisions"}],"predecessor-version":[{"id":199,"href":"https:\/\/floete-rellingen.de\/index.php?rest_route=\/wp\/v2\/pages\/34\/revisions\/199"}],"wp:attachment":[{"href":"https:\/\/floete-rellingen.de\/index.php?rest_route=%2Fwp%2Fv2%2Fmedia&parent=34"}],"curies":[{"name":"wp","href":"https:\/\/api.w.org\/{rel}","templated":true}]}}