{"id":57,"date":"2015-01-24T16:44:47","date_gmt":"2015-01-24T15:44:47","guid":{"rendered":"http:\/\/floete-rellingen.de\/?page_id=57"},"modified":"2016-03-02T08:50:26","modified_gmt":"2016-03-02T07:50:26","slug":"die-querfloete","status":"publish","type":"page","link":"https:\/\/floete-rellingen.de\/?page_id=57","title":{"rendered":"Die Querfl\u00f6te"},"content":{"rendered":"<p>&nbsp;<\/p>\n<blockquote><p><span style=\"color: #993300;\">&#8222;Die Fl\u00f6te geh\u00f6rt zu den \u00e4ltesten Musikinstrumenten der Menschheit. Sie ist in verschiedenen Formen in allen Kulturen zu finden. Oft wird ihr eine besondere Zauberkraft nachgesagt. In manchen Mythologien haben die G\u00f6tter selber die Fl\u00f6te erfunden: Pan in Griechenland, Osiris in \u00c4gypten, Shiva in Indien&#8230;<\/span><\/p>\n<p><span style=\"color: #993300;\">In der europ\u00e4ischen Musik spielt die Querfl\u00f6te seit dem 18. Jahrhundert in der Kammermusik, im Orchester und auch als Soloinstrument eine wichtige Rolle.<\/span><\/p>\n<p><span style=\"color: #993300;\">Ganz besonders fasziniert die Fl\u00f6te aber auch als Liebhaber-Instrument. Schon Friedrich der Gro\u00dfe bet\u00e4tigte sich ernsthaft als Hobby- Fl\u00f6tist. Ein Adlige &#8211; namens de Jean, gab Mozart Fl\u00f6tenwerke zum Eigengebrauch in Auftrag. Auch der Philosoph Schopenhauer liebte seine Fl\u00f6te&#8230; Wer also das Fl\u00f6tenspiel erlernen will begibt sich in gute Gesellschaft&#8220;<\/span><\/p><\/blockquote>\n<h6><span style=\"color: #993300;\"><em>Peter-Lukas Graf in &#8222;Lern Querfl\u00f6te spielen&#8220;<\/em><\/span><\/h6>\n<h4><span style=\"color: #993300;\"><em>Einzel und Gruppenunterricht f\u00fcr Kinder ab 8 Jahren, Jugendliche und Erwachsene.<\/em><\/span><\/h4>\n<div id='gallery-1' class='gallery galleryid-57 gallery-columns-2 gallery-size-medium'><figure class='gallery-item'>\n\t\t\t<div class='gallery-icon landscape'>\n\t\t\t\t<a href='https:\/\/floete-rellingen.de\/?attachment_id=82'><img width=\"300\" height=\"199\" src=\"https:\/\/floete-rellingen.de\/wp-content\/uploads\/2015\/11\/Rojda-1-300x199.jpg\" class=\"attachment-medium size-medium\" alt=\"\" decoding=\"async\" loading=\"lazy\" srcset=\"https:\/\/floete-rellingen.de\/wp-content\/uploads\/2015\/11\/Rojda-1-300x199.jpg 300w, https:\/\/floete-rellingen.de\/wp-content\/uploads\/2015\/11\/Rojda-1-1024x678.jpg 1024w\" sizes=\"(max-width: 300px) 100vw, 300px\" \/><\/a>\n\t\t\t<\/div><\/figure><figure class='gallery-item'>\n\t\t\t<div class='gallery-icon landscape'>\n\t\t\t\t<a href='https:\/\/floete-rellingen.de\/?attachment_id=80'><img width=\"300\" height=\"199\" src=\"https:\/\/floete-rellingen.de\/wp-content\/uploads\/2015\/11\/DSC_6625-300x199.jpg\" class=\"attachment-medium size-medium\" alt=\"\" decoding=\"async\" loading=\"lazy\" srcset=\"https:\/\/floete-rellingen.de\/wp-content\/uploads\/2015\/11\/DSC_6625-300x199.jpg 300w, https:\/\/floete-rellingen.de\/wp-content\/uploads\/2015\/11\/DSC_6625-1024x678.jpg 1024w\" sizes=\"(max-width: 300px) 100vw, 300px\" \/><\/a>\n\t\t\t<\/div><\/figure><figure class='gallery-item'>\n\t\t\t<div class='gallery-icon landscape'>\n\t\t\t\t<a href='https:\/\/floete-rellingen.de\/?attachment_id=76'><img width=\"300\" height=\"199\" src=\"https:\/\/floete-rellingen.de\/wp-content\/uploads\/2015\/10\/DSC_6637-300x199.jpg\" class=\"attachment-medium size-medium\" alt=\"\" decoding=\"async\" loading=\"lazy\" srcset=\"https:\/\/floete-rellingen.de\/wp-content\/uploads\/2015\/10\/DSC_6637-300x199.jpg 300w, https:\/\/floete-rellingen.de\/wp-content\/uploads\/2015\/10\/DSC_6637-1024x678.jpg 1024w\" sizes=\"(max-width: 300px) 100vw, 300px\" \/><\/a>\n\t\t\t<\/div><\/figure><figure class='gallery-item'>\n\t\t\t<div class='gallery-icon landscape'>\n\t\t\t\t<a href='https:\/\/floete-rellingen.de\/?attachment_id=75'><img width=\"300\" height=\"199\" src=\"https:\/\/floete-rellingen.de\/wp-content\/uploads\/2015\/10\/DSC_6633-300x199.jpg\" class=\"attachment-medium size-medium\" alt=\"\" decoding=\"async\" loading=\"lazy\" srcset=\"https:\/\/floete-rellingen.de\/wp-content\/uploads\/2015\/10\/DSC_6633-300x199.jpg 300w, https:\/\/floete-rellingen.de\/wp-content\/uploads\/2015\/10\/DSC_6633-1024x678.jpg 1024w\" sizes=\"(max-width: 300px) 100vw, 300px\" \/><\/a>\n\t\t\t<\/div><\/figure>\n\t\t<\/div>\n\n","protected":false},"excerpt":{"rendered":"<p>&nbsp; &#8222;Die Fl\u00f6te geh\u00f6rt zu den \u00e4ltesten Musikinstrumenten der Menschheit. Sie ist in verschiedenen Formen in allen Kulturen zu finden. Oft wird ihr eine besondere Zauberkraft nachgesagt. In manchen Mythologien haben die G\u00f6tter selber die Fl\u00f6te erfunden: Pan in Griechenland, Osiris in \u00c4gypten, Shiva in Indien&#8230; In der europ\u00e4ischen Musik spielt die Querfl\u00f6te seit dem &hellip; <a href=\"https:\/\/floete-rellingen.de\/?page_id=57\" class=\"more-link\"><span class=\"screen-reader-text\">Die Querfl\u00f6te<\/span> weiterlesen <span class=\"meta-nav\">&rarr;<\/span><\/a><\/p>\n","protected":false},"author":2,"featured_media":0,"parent":0,"menu_order":3,"comment_status":"closed","ping_status":"closed","template":"","meta":[],"_links":{"self":[{"href":"https:\/\/floete-rellingen.de\/index.php?rest_route=\/wp\/v2\/pages\/57"}],"collection":[{"href":"https:\/\/floete-rellingen.de\/index.php?rest_route=\/wp\/v2\/pages"}],"about":[{"href":"https:\/\/floete-rellingen.de\/index.php?rest_route=\/wp\/v2\/types\/page"}],"author":[{"embeddable":true,"href":"https:\/\/floete-rellingen.de\/index.php?rest_route=\/wp\/v2\/users\/2"}],"replies":[{"embeddable":true,"href":"https:\/\/floete-rellingen.de\/index.php?rest_route=%2Fwp%2Fv2%2Fcomments&post=57"}],"version-history":[{"count":5,"href":"https:\/\/floete-rellingen.de\/index.php?rest_route=\/wp\/v2\/pages\/57\/revisions"}],"predecessor-version":[{"id":180,"href":"https:\/\/floete-rellingen.de\/index.php?rest_route=\/wp\/v2\/pages\/57\/revisions\/180"}],"wp:attachment":[{"href":"https:\/\/floete-rellingen.de\/index.php?rest_route=%2Fwp%2Fv2%2Fmedia&parent=57"}],"curies":[{"name":"wp","href":"https:\/\/api.w.org\/{rel}","templated":true}]}}